{"id":12,"date":"2013-05-31T11:57:37","date_gmt":"2013-05-31T11:57:37","guid":{"rendered":"http:\/\/us-themes.com\/wp\/Vittoria\/?page_id=12"},"modified":"2019-03-08T03:53:53","modified_gmt":"2019-03-08T03:53:53","slug":"curriculo","status":"publish","type":"page","link":"http:\/\/diegolavandero.com\/web\/curriculo\/","title":{"rendered":"CURRICULO"},"content":{"rendered":"<section class=\"l-section wpb_row height_medium with_video\"><div class=\"l-section-video\"><video muted loop autoplay preload=\"auto\"><source type=\"video\/mp4\" src=\"0\" \/><\/video><\/div><div class=\"l-section-h i-cf\"><div class=\"g-cols vc_row type_default valign_top\"><div class=\"vc_col-sm-12 wpb_column vc_column_container\"><div class=\"vc_column-inner\"><div class=\"wpb_wrapper\"><div class=\"w-iconbox iconpos_top style_default color_primary align_center icontype_img\"><div class=\"w-iconbox-icon\" style=\"font-size:350px;\"><img loading=\"lazy\" decoding=\"async\" width=\"500\" height=\"500\" src=\"http:\/\/diegolavandero.com\/web\/wp-content\/uploads\/2013\/05\/fperfil.png\" class=\"attachment-full size-full\" alt=\"\" srcset=\"http:\/\/diegolavandero.com\/web\/wp-content\/uploads\/2013\/05\/fperfil.png 500w, http:\/\/diegolavandero.com\/web\/wp-content\/uploads\/2013\/05\/fperfil-150x150.png 150w, http:\/\/diegolavandero.com\/web\/wp-content\/uploads\/2013\/05\/fperfil-300x300.png 300w, http:\/\/diegolavandero.com\/web\/wp-content\/uploads\/2013\/05\/fperfil-350x350.png 350w\" sizes=\"auto, (max-width: 500px) 100vw, 500px\" \/><\/div><div class=\"w-iconbox-meta\"><h4 class=\"w-iconbox-title\">Diego Lavandero<\/h4><div class=\"w-iconbox-text\"><p><strong>Edad:<\/strong><br \/>\n32<br \/>\n<strong>Nacionalidad:<\/strong><br \/>\nChileno<br \/>\n<strong>Ocupaci\u00f3n:<\/strong><br \/>\nDise\u00f1ador<br \/>\n<strong>Especialidad:<\/strong><br \/>\nDesarrollo web, dise\u00f1o gr\u00e1fico,<br \/>\nmarketing y publicidad.<\/p>\n<\/div><\/div><\/div><\/div><\/div><\/div><\/div><\/div><\/section><section class=\"l-section wpb_row height_medium with_video\"><div class=\"l-section-video\"><video muted loop autoplay preload=\"auto\"><source type=\"video\/mp4\" src=\"0\" \/><\/video><\/div><div class=\"l-section-h i-cf\"><div class=\"g-cols vc_row type_default valign_top\"><div class=\"vc_col-sm-12 wpb_column vc_column_container\"><div class=\"vc_column-inner\"><div class=\"wpb_wrapper\"><div class=\"w-separator size_custom\" style=\"height:70px;\"><\/div><\/div><\/div><\/div><\/div><\/div><\/section><section class=\"l-section wpb_row height_medium with_video\"><div class=\"l-section-video\"><video muted loop autoplay preload=\"auto\"><source type=\"video\/mp4\" src=\"0\" \/><\/video><\/div><div class=\"l-section-h i-cf\"><div class=\"g-cols vc_row type_default valign_top\"><div class=\"vc_col-sm-12 wpb_column vc_column_container\"><div class=\"vc_column-inner\"><div class=\"wpb_wrapper\"><div class=\"w-tabs layout_default icon_chevron iconpos_right \"><div class=\"w-tabs-list hidden items_4\"><div class=\"w-tabs-list-h\"><div class=\"w-tabs-item active defined-active with_icon\"><a href=\"#1377359144-1-100\" class=\"w-tabs-item-h\"><i class=\"far fa-calendar\"><\/i><span class=\"w-tabs-item-title\">2011<\/span><\/a><\/div><div class=\"w-tabs-item with_icon\"><a href=\"#1377359144-2-22\" class=\"w-tabs-item-h\"><i class=\"far fa-calendar\"><\/i><span class=\"w-tabs-item-title\">2012<\/span><\/a><\/div><div class=\"w-tabs-item\"><a href=\"#1377362430608-5-10\" class=\"w-tabs-item-h\"><span class=\"w-tabs-item-title\">2013<\/span><\/a><\/div><div class=\"w-tabs-item\"><a href=\"#1377361385075-3-7\" class=\"w-tabs-item-h\"><span class=\"w-tabs-item-title\">2014-2015<\/span><\/a><\/div><\/div><\/div><div class=\"w-tabs-sections\"><div class=\"w-tabs-sections-h\"><div class=\"w-tabs-section with_icon no_indents active\" id=\"1377359144-1-100\"><a href=\"#1377359144-1-100\" class=\"w-tabs-section-header\"><div class=\"w-tabs-section-header-h\"><i class=\"far fa-calendar\"><\/i><div class=\"w-tabs-section-title\">2011<\/div><div class=\"w-tabs-section-control\"><\/div><\/div><\/a><div class=\"w-tabs-section-content\"><div class=\"w-tabs-section-content-h i-cf\"><div class=\"g-cols wpb_row  type_default valign_top vc_inner \"><div class=\"vc_col-sm-6 wpb_column vc_column_container\"><div class=\"vc_column-inner\"><div class=\"wpb_wrapper\">\r\n\t<div class=\"wpb_text_column \">\r\n\t\t<div class=\"wpb_wrapper\">\r\n\t\t\t<h4>Agencia Duo<\/h4>\n<p>Marketing y Dise\u00f1o. Campa\u00f1as Publicitarias (Impreso, Web, Multimedia)<\/p>\n\r\n\t\t<\/div>\r\n\t<\/div>\r\n<\/div><\/div><\/div><div class=\"vc_col-sm-6 wpb_column vc_column_container\"><div class=\"vc_column-inner\"><div class=\"wpb_wrapper\">\r\n\t<div class=\"wpb_text_column \">\r\n\t\t<div class=\"wpb_wrapper\">\r\n\t\t\t<h4>Agencia Digital Tres Pasos<\/h4>\n<p>Dise\u00f1o y desarrollo Web y Gr\u00e1fico.<\/p>\n\r\n\t\t<\/div>\r\n\t<\/div>\r\n<\/div><\/div><\/div><\/div><\/div><\/div><\/div><div class=\"w-tabs-section with_icon no_indents\" id=\"1377359144-2-22\"><a href=\"#1377359144-2-22\" class=\"w-tabs-section-header\"><div class=\"w-tabs-section-header-h\"><i class=\"far fa-calendar\"><\/i><div class=\"w-tabs-section-title\">2012<\/div><div class=\"w-tabs-section-control\"><\/div><\/div><\/a><div class=\"w-tabs-section-content\"><div class=\"w-tabs-section-content-h i-cf\"><div class=\"g-cols wpb_row  type_default valign_top vc_inner \"><div class=\"vc_col-sm-6 wpb_column vc_column_container\"><div class=\"vc_column-inner\"><div class=\"wpb_wrapper\">\r\n\t<div class=\"wpb_text_column \">\r\n\t\t<div class=\"wpb_wrapper\">\r\n\t\t\t<h4>OzeIT(Australia)<\/h4>\n<p>Empresa IT y proovedores de servicios web. Dise\u00f1o y desarrollo Web y Gr\u00e1fico.<\/p>\n\r\n\t\t<\/div>\r\n\t<\/div>\r\n<\/div><\/div><\/div><div class=\"vc_col-sm-6 wpb_column vc_column_container\"><div class=\"vc_column-inner\"><div class=\"wpb_wrapper\">\n<\/div><\/div><\/div><\/div><\/div><\/div><\/div><div class=\"w-tabs-section\" id=\"1377362430608-5-10\"><a href=\"#1377362430608-5-10\" class=\"w-tabs-section-header\"><div class=\"w-tabs-section-header-h\"><div class=\"w-tabs-section-title\">2013<\/div><div class=\"w-tabs-section-control\"><\/div><\/div><\/a><div class=\"w-tabs-section-content\"><div class=\"w-tabs-section-content-h i-cf\"><div class=\"g-cols wpb_row  type_default valign_top vc_inner \"><div class=\"vc_col-sm-6 wpb_column vc_column_container\"><div class=\"vc_column-inner\"><div class=\"wpb_wrapper\">\r\n\t<div class=\"wpb_text_column \">\r\n\t\t<div class=\"wpb_wrapper\">\r\n\t\t\t<h4>LemonGroup<\/h4>\n<p>Agencia de Marketing Digital y Desarrollo web. Desarrollo y mantenci\u00f3n de sitio web de Peugeot Chile, adem\u00e1s de administraci\u00f3n y desarrollo de piezas gr\u00e1ficas para el posicionamiento en distintas redes sociales. (Twitter, Facebook, etc)<\/p>\n\r\n\t\t<\/div>\r\n\t<\/div>\r\n<\/div><\/div><\/div><div class=\"vc_col-sm-6 wpb_column vc_column_container\"><div class=\"vc_column-inner\"><div class=\"wpb_wrapper\">\n<\/div><\/div><\/div><\/div><\/div><\/div><\/div><div class=\"w-tabs-section\" id=\"1377361385075-3-7\"><a href=\"#1377361385075-3-7\" class=\"w-tabs-section-header\"><div class=\"w-tabs-section-header-h\"><div class=\"w-tabs-section-title\">2014-2015<\/div><div class=\"w-tabs-section-control\"><\/div><\/div><\/a><div class=\"w-tabs-section-content\"><div class=\"w-tabs-section-content-h i-cf\"><div class=\"g-cols wpb_row  type_default valign_top vc_inner \"><div class=\"vc_col-sm-6 wpb_column vc_column_container\"><div class=\"vc_column-inner\"><div class=\"wpb_wrapper\">\r\n\t<div class=\"wpb_text_column \">\r\n\t\t<div class=\"wpb_wrapper\">\r\n\t\t\t<h4>Agencia Adhoc<\/h4>\n<p>Desarrollo y actualizaci\u00f3n de packaging de empresa estadounidense de suplementos alimenticios: Naturade. Encargado del marketing digital, desarrollo de sitios web y piezas gr\u00e1ficas para cuentas chilenas y norteamericanas.<\/p>\n\r\n\t\t<\/div>\r\n\t<\/div>\r\n<\/div><\/div><\/div><div class=\"vc_col-sm-6 wpb_column vc_column_container\"><div class=\"vc_column-inner\"><div class=\"wpb_wrapper\">\n<\/div><\/div><\/div><\/div><\/div><\/div><\/div><\/div><\/div><\/div><\/div><\/div><\/div><\/div><\/div><\/section><section class=\"l-section wpb_row height_medium with_video\"><div class=\"l-section-video\"><video muted loop autoplay preload=\"auto\"><source type=\"video\/mp4\" src=\"0\" \/><\/video><\/div><div class=\"l-section-h i-cf\"><div class=\"g-cols vc_row type_default valign_top\"><div class=\"vc_col-sm-12 wpb_column vc_column_container\"><div class=\"vc_column-inner\"><div class=\"wpb_wrapper\">\r\n\t<div class=\"wpb_text_column  vc_custom_1455907618748\">\r\n\t\t<div class=\"wpb_wrapper\">\r\n\t\t\t<h2 style=\"text-align: center\"><strong>Manejo de Software<\/strong><\/h2>\n\r\n\t\t<\/div>\r\n\t<\/div>\r\n<div class=\"w-separator size_large with_line width_30 thick_1 style_solid color_border align_center with_content\"><div class=\"w-separator-h\"><i class=\"far fa-star\"><\/i><\/div><\/div><\/div><\/div><\/div><\/div><\/div><\/section><section class=\"l-section wpb_row height_medium with_video\"><div class=\"l-section-video\"><video muted loop autoplay preload=\"auto\"><source type=\"video\/mp4\" src=\"0\" \/><\/video><\/div><div class=\"l-section-h i-cf\"><div class=\"g-cols vc_row type_default valign_top\"><div class=\"vc_col-sm-4 wpb_column vc_column_container animate_wfc\"><div class=\"vc_column-inner\"><div class=\"wpb_wrapper\"><div class=\"w-iconbox iconpos_top style_default color_light align_center\"><div class=\"w-iconbox-icon\" style=\"font-size:50px;\"><i class=\"fab fa-wordpress\"><\/i><\/div><div class=\"w-iconbox-meta\"><h4 class=\"w-iconbox-title\">Wordpress<\/h4><div class=\"w-iconbox-text\"><\/div><\/div><\/div><div class=\"w-separator size_medium\"><\/div><div class=\"w-iconbox iconpos_top style_default color_light align_center icontype_img\"><div class=\"w-iconbox-icon\" style=\"font-size:50px;\"><img loading=\"lazy\" decoding=\"async\" width=\"48\" height=\"48\" src=\"http:\/\/diegolavandero.com\/web\/wp-content\/uploads\/2013\/05\/Adobe_Illustrator_Draw_logo_SCREEN_RGB_48px.png\" class=\"attachment-full size-full\" alt=\"\" \/><\/div><div class=\"w-iconbox-meta\"><h4 class=\"w-iconbox-title\">Illustrator<\/h4><div class=\"w-iconbox-text\"><\/div><\/div><\/div><\/div><\/div><\/div><div class=\"vc_col-sm-4 wpb_column vc_column_container animate_wfc\" style=\"animation-delay:0.2s;\"><div class=\"vc_column-inner\"><div class=\"wpb_wrapper\"><div class=\"w-iconbox iconpos_top style_default color_light align_center icontype_img\"><div class=\"w-iconbox-icon\" style=\"font-size:50px;box-shadow:0 0 0 2px #f2f4f5 inset;background-color:#f2f4f5;\"><img loading=\"lazy\" decoding=\"async\" width=\"48\" height=\"48\" src=\"http:\/\/diegolavandero.com\/web\/wp-content\/uploads\/2013\/05\/PS_icon.png\" class=\"attachment-full size-full\" alt=\"\" \/><\/div><div class=\"w-iconbox-meta\"><h4 class=\"w-iconbox-title\">Photoshop<\/h4><div class=\"w-iconbox-text\"><\/div><\/div><\/div><div class=\"w-separator size_medium\"><\/div><div class=\"w-iconbox iconpos_top style_default color_light align_center icontype_img\"><div class=\"w-iconbox-icon\" style=\"font-size:50px;\"><img loading=\"lazy\" decoding=\"async\" width=\"48\" height=\"48\" src=\"http:\/\/diegolavandero.com\/web\/wp-content\/uploads\/2013\/05\/dw_icon.png\" class=\"attachment-full size-full\" alt=\"\" \/><\/div><div class=\"w-iconbox-meta\"><h4 class=\"w-iconbox-title\">Dreamweaver<\/h4><div class=\"w-iconbox-text\"><\/div><\/div><\/div><\/div><\/div><\/div><div class=\"vc_col-sm-4 wpb_column vc_column_container animate_wfc\" style=\"animation-delay:0.4s;\"><div class=\"vc_column-inner\"><div class=\"wpb_wrapper\"><div class=\"w-iconbox iconpos_top style_default color_light align_center icontype_img\"><div class=\"w-iconbox-icon\" style=\"font-size:50px;box-shadow:0 0 0 2px #f2f4f5 inset;background-color:#f2f4f5;\"><img loading=\"lazy\" decoding=\"async\" width=\"48\" height=\"48\" src=\"http:\/\/diegolavandero.com\/web\/wp-content\/uploads\/2013\/05\/ID_icon.png\" class=\"attachment-full size-full\" alt=\"\" \/><\/div><div class=\"w-iconbox-meta\"><h4 class=\"w-iconbox-title\">Indesign<\/h4><div class=\"w-iconbox-text\"><\/div><\/div><\/div><div class=\"w-separator size_medium\"><\/div><div class=\"w-iconbox iconpos_top style_default color_light align_center icontype_img\"><div class=\"w-iconbox-icon\" style=\"font-size:50px;box-shadow:0 0 0 2px #f2f4f5 inset;background-color:#f2f4f5;\"><img loading=\"lazy\" decoding=\"async\" width=\"50\" height=\"50\" src=\"http:\/\/diegolavandero.com\/web\/wp-content\/uploads\/2013\/05\/office-icon.png\" class=\"attachment-full size-full\" alt=\"\" \/><\/div><div class=\"w-iconbox-meta\"><h4 class=\"w-iconbox-title\">Microsoft Office<\/h4><div class=\"w-iconbox-text\"><\/div><\/div><\/div><\/div><\/div><\/div><\/div><\/div><\/section><section class=\"l-section wpb_row height_medium color_alternate\"><div class=\"l-section-h i-cf\"><div class=\"g-cols vc_row type_default valign_top\"><div class=\"vc_col-sm-12 wpb_column vc_column_container animate_afb\"><div class=\"vc_column-inner\"><div class=\"wpb_wrapper\">\r\n\t<div class=\"wpb_text_column \">\r\n\t\t<div class=\"wpb_wrapper\">\r\n\t\t\t<h2 style=\"text-align: center\">Clientes<\/h2>\n\r\n\t\t<\/div>\r\n\t<\/div>\r\n<div class=\"w-grid type_carousel layout_5664 valign_center overflow_hidden no_gap\" id=\"us_grid_1\"><style id=\"us_grid_1_css\"><\/style><style>#us_grid_1 .w-grid-item-h{border-radius:0.2rem;z-index:3;box-shadow:0 0.00rem 0.00rem rgba(0,0,0,0.1),0 0.00rem 0.00rem rgba(0,0,0,0.1);transition-duration:0.3s}.no-touch #us_grid_1 .w-grid-item-h:hover{box-shadow:0 0.05rem 0.10rem rgba(0,0,0,0.1),0 0.17rem 0.50rem rgba(0,0,0,0.15);z-index:4}#us_grid_1 .usg_post_image_1{}#us_grid_1 .usg_post_image_1{transition-duration:0.3s;opacity:0.66}#us_grid_1 .w-grid-item-h:hover .usg_post_image_1{opacity:1;background-color:#f2f7f7}#us_grid_1 .usg_post_image_1{padding:2rem}<\/style><div class=\"w-grid-list owl-carousel navstyle_circle navpos_outside\"><article class=\"w-grid-item post-5053 attachment type-attachment status-inherit hentry\" data-id=\"5053\">\r\n\t<div class=\"w-grid-item-h\">\r\n\t\t\t\t<div class=\"w-post-elm post_image usg_post_image_1\"><img loading=\"lazy\" decoding=\"async\" width=\"200\" height=\"200\" src=\"http:\/\/diegolavandero.com\/web\/wp-content\/uploads\/2013\/06\/clientes-tieclub.png\" class=\"attachment-medium size-medium\" alt=\"\" srcset=\"http:\/\/diegolavandero.com\/web\/wp-content\/uploads\/2013\/06\/clientes-tieclub.png 200w, http:\/\/diegolavandero.com\/web\/wp-content\/uploads\/2013\/06\/clientes-tieclub-150x150.png 150w\" sizes=\"auto, (max-width: 200px) 100vw, 200px\" \/><\/div>\t<\/div>\r\n<\/article>\r\n<article class=\"w-grid-item post-5052 attachment type-attachment status-inherit hentry\" data-id=\"5052\">\r\n\t<div class=\"w-grid-item-h\">\r\n\t\t\t\t<div class=\"w-post-elm post_image usg_post_image_1\"><img loading=\"lazy\" decoding=\"async\" width=\"200\" height=\"200\" src=\"http:\/\/diegolavandero.com\/web\/wp-content\/uploads\/2013\/06\/clientes-tiarosa.png\" class=\"attachment-medium size-medium\" alt=\"\" srcset=\"http:\/\/diegolavandero.com\/web\/wp-content\/uploads\/2013\/06\/clientes-tiarosa.png 200w, http:\/\/diegolavandero.com\/web\/wp-content\/uploads\/2013\/06\/clientes-tiarosa-150x150.png 150w\" sizes=\"auto, (max-width: 200px) 100vw, 200px\" \/><\/div>\t<\/div>\r\n<\/article>\r\n<article class=\"w-grid-item post-5051 attachment type-attachment status-inherit hentry\" data-id=\"5051\">\r\n\t<div class=\"w-grid-item-h\">\r\n\t\t\t\t<div class=\"w-post-elm post_image usg_post_image_1\"><img loading=\"lazy\" decoding=\"async\" width=\"200\" height=\"200\" src=\"http:\/\/diegolavandero.com\/web\/wp-content\/uploads\/2013\/06\/clientes-sopraval.png\" class=\"attachment-medium size-medium\" alt=\"\" srcset=\"http:\/\/diegolavandero.com\/web\/wp-content\/uploads\/2013\/06\/clientes-sopraval.png 200w, http:\/\/diegolavandero.com\/web\/wp-content\/uploads\/2013\/06\/clientes-sopraval-150x150.png 150w\" sizes=\"auto, (max-width: 200px) 100vw, 200px\" \/><\/div>\t<\/div>\r\n<\/article>\r\n<article class=\"w-grid-item post-5050 attachment type-attachment status-inherit hentry\" data-id=\"5050\">\r\n\t<div class=\"w-grid-item-h\">\r\n\t\t\t\t<div class=\"w-post-elm post_image usg_post_image_1\"><img loading=\"lazy\" decoding=\"async\" width=\"200\" height=\"200\" src=\"http:\/\/diegolavandero.com\/web\/wp-content\/uploads\/2013\/06\/clientes-skc.png\" class=\"attachment-medium size-medium\" alt=\"\" srcset=\"http:\/\/diegolavandero.com\/web\/wp-content\/uploads\/2013\/06\/clientes-skc.png 200w, http:\/\/diegolavandero.com\/web\/wp-content\/uploads\/2013\/06\/clientes-skc-150x150.png 150w\" sizes=\"auto, (max-width: 200px) 100vw, 200px\" \/><\/div>\t<\/div>\r\n<\/article>\r\n<article class=\"w-grid-item post-5049 attachment type-attachment status-inherit hentry\" data-id=\"5049\">\r\n\t<div class=\"w-grid-item-h\">\r\n\t\t\t\t<div class=\"w-post-elm post_image usg_post_image_1\"><a href=\"#\"target=\"_blank\" aria-label=\"clientes-peugeout\"><img loading=\"lazy\" decoding=\"async\" width=\"200\" height=\"200\" src=\"http:\/\/diegolavandero.com\/web\/wp-content\/uploads\/2013\/06\/clientes-peugeout.png\" class=\"attachment-medium size-medium\" alt=\"\" srcset=\"http:\/\/diegolavandero.com\/web\/wp-content\/uploads\/2013\/06\/clientes-peugeout.png 200w, http:\/\/diegolavandero.com\/web\/wp-content\/uploads\/2013\/06\/clientes-peugeout-150x150.png 150w\" sizes=\"auto, (max-width: 200px) 100vw, 200px\" \/><\/a><\/div>\t<\/div>\r\n<\/article>\r\n<article class=\"w-grid-item post-5048 attachment type-attachment status-inherit hentry\" data-id=\"5048\">\r\n\t<div class=\"w-grid-item-h\">\r\n\t\t\t\t<div class=\"w-post-elm post_image usg_post_image_1\"><img loading=\"lazy\" decoding=\"async\" width=\"200\" height=\"200\" src=\"http:\/\/diegolavandero.com\/web\/wp-content\/uploads\/2013\/06\/clientes-pampa.png\" class=\"attachment-medium size-medium\" alt=\"\" srcset=\"http:\/\/diegolavandero.com\/web\/wp-content\/uploads\/2013\/06\/clientes-pampa.png 200w, http:\/\/diegolavandero.com\/web\/wp-content\/uploads\/2013\/06\/clientes-pampa-150x150.png 150w\" sizes=\"auto, (max-width: 200px) 100vw, 200px\" \/><\/div>\t<\/div>\r\n<\/article>\r\n<article class=\"w-grid-item post-5047 attachment type-attachment status-inherit hentry\" data-id=\"5047\">\r\n\t<div class=\"w-grid-item-h\">\r\n\t\t\t\t<div class=\"w-post-elm post_image usg_post_image_1\"><img loading=\"lazy\" decoding=\"async\" width=\"200\" height=\"200\" src=\"http:\/\/diegolavandero.com\/web\/wp-content\/uploads\/2013\/06\/clientes-ozeit.png\" class=\"attachment-medium size-medium\" alt=\"\" srcset=\"http:\/\/diegolavandero.com\/web\/wp-content\/uploads\/2013\/06\/clientes-ozeit.png 200w, http:\/\/diegolavandero.com\/web\/wp-content\/uploads\/2013\/06\/clientes-ozeit-150x150.png 150w\" sizes=\"auto, (max-width: 200px) 100vw, 200px\" \/><\/div>\t<\/div>\r\n<\/article>\r\n<article class=\"w-grid-item post-5046 attachment type-attachment status-inherit hentry\" data-id=\"5046\">\r\n\t<div class=\"w-grid-item-h\">\r\n\t\t\t\t<div class=\"w-post-elm post_image usg_post_image_1\"><img loading=\"lazy\" decoding=\"async\" width=\"200\" height=\"200\" src=\"http:\/\/diegolavandero.com\/web\/wp-content\/uploads\/2013\/06\/clientes-nativ.png\" class=\"attachment-medium size-medium\" alt=\"\" srcset=\"http:\/\/diegolavandero.com\/web\/wp-content\/uploads\/2013\/06\/clientes-nativ.png 200w, http:\/\/diegolavandero.com\/web\/wp-content\/uploads\/2013\/06\/clientes-nativ-150x150.png 150w\" sizes=\"auto, (max-width: 200px) 100vw, 200px\" \/><\/div>\t<\/div>\r\n<\/article>\r\n<article class=\"w-grid-item post-5045 attachment type-attachment status-inherit hentry\" data-id=\"5045\">\r\n\t<div class=\"w-grid-item-h\">\r\n\t\t\t\t<div class=\"w-post-elm post_image usg_post_image_1\"><img loading=\"lazy\" decoding=\"async\" width=\"200\" height=\"200\" src=\"http:\/\/diegolavandero.com\/web\/wp-content\/uploads\/2013\/06\/clientes-inflamable.png\" class=\"attachment-medium size-medium\" alt=\"\" srcset=\"http:\/\/diegolavandero.com\/web\/wp-content\/uploads\/2013\/06\/clientes-inflamable.png 200w, http:\/\/diegolavandero.com\/web\/wp-content\/uploads\/2013\/06\/clientes-inflamable-150x150.png 150w\" sizes=\"auto, (max-width: 200px) 100vw, 200px\" \/><\/div>\t<\/div>\r\n<\/article>\r\n<article class=\"w-grid-item post-5044 attachment type-attachment status-inherit hentry\" data-id=\"5044\">\r\n\t<div class=\"w-grid-item-h\">\r\n\t\t\t\t<div class=\"w-post-elm post_image usg_post_image_1\"><img loading=\"lazy\" decoding=\"async\" width=\"200\" height=\"200\" src=\"http:\/\/diegolavandero.com\/web\/wp-content\/uploads\/2013\/06\/clientes-carozzi.png\" class=\"attachment-medium size-medium\" alt=\"\" srcset=\"http:\/\/diegolavandero.com\/web\/wp-content\/uploads\/2013\/06\/clientes-carozzi.png 200w, http:\/\/diegolavandero.com\/web\/wp-content\/uploads\/2013\/06\/clientes-carozzi-150x150.png 150w\" sizes=\"auto, (max-width: 200px) 100vw, 200px\" \/><\/div>\t<\/div>\r\n<\/article>\r\n<article class=\"w-grid-item post-5043 attachment type-attachment status-inherit hentry\" data-id=\"5043\">\r\n\t<div class=\"w-grid-item-h\">\r\n\t\t\t\t<div class=\"w-post-elm post_image usg_post_image_1\"><img loading=\"lazy\" decoding=\"async\" width=\"200\" height=\"200\" src=\"http:\/\/diegolavandero.com\/web\/wp-content\/uploads\/2013\/06\/clientes-alto.png\" class=\"attachment-medium size-medium\" alt=\"\" srcset=\"http:\/\/diegolavandero.com\/web\/wp-content\/uploads\/2013\/06\/clientes-alto.png 200w, http:\/\/diegolavandero.com\/web\/wp-content\/uploads\/2013\/06\/clientes-alto-150x150.png 150w\" sizes=\"auto, (max-width: 200px) 100vw, 200px\" \/><\/div>\t<\/div>\r\n<\/article>\r\n<article class=\"w-grid-item post-5042 attachment type-attachment status-inherit hentry\" data-id=\"5042\">\r\n\t<div class=\"w-grid-item-h\">\r\n\t\t\t\t<div class=\"w-post-elm post_image usg_post_image_1\"><img loading=\"lazy\" decoding=\"async\" width=\"200\" height=\"200\" src=\"http:\/\/diegolavandero.com\/web\/wp-content\/uploads\/2013\/06\/clientes-9mm.png\" class=\"attachment-medium size-medium\" alt=\"\" srcset=\"http:\/\/diegolavandero.com\/web\/wp-content\/uploads\/2013\/06\/clientes-9mm.png 200w, http:\/\/diegolavandero.com\/web\/wp-content\/uploads\/2013\/06\/clientes-9mm-150x150.png 150w\" sizes=\"auto, (max-width: 200px) 100vw, 200px\" \/><\/div>\t<\/div>\r\n<\/article>\r\n<\/div>\t<div class=\"g-preloader type_1\">\r\n\t\t<div><\/div>\r\n\t<\/div>\r\n\t\t<div class=\"w-grid-json hidden\" onclick='return {&quot;ajax_url&quot;:&quot;http:\\\/\\\/diegolavandero.com\\\/web\\\/wp-admin\\\/admin-ajax.php&quot;,&quot;permalink_url&quot;:&quot;http:\\\/\\\/diegolavandero.com\\\/web\\\/?attachment_id=5042&quot;,&quot;action&quot;:&quot;us_ajax_grid&quot;,&quot;max_num_pages&quot;:1,&quot;infinite_scroll&quot;:0,&quot;template_vars&quot;:{&quot;query_args&quot;:{&quot;post_type&quot;:[&quot;attachment&quot;],&quot;orderby&quot;:&quot;post__in&quot;,&quot;post__in&quot;:[&quot;5053&quot;,&quot;5052&quot;,&quot;5051&quot;,&quot;5050&quot;,&quot;5049&quot;,&quot;5048&quot;,&quot;5047&quot;,&quot;5046&quot;,&quot;5045&quot;,&quot;5044&quot;,&quot;5043&quot;,&quot;5042&quot;],&quot;post_status&quot;:&quot;inherit&quot;,&quot;post_mime_type&quot;:&quot;image&quot;,&quot;posts_per_page&quot;:9999},&quot;post_id&quot;:12,&quot;us_grid_index&quot;:1,&quot;us_grid_ajax_index&quot;:1,&quot;exclude_items&quot;:&quot;none&quot;,&quot;items_offset&quot;:&quot;1&quot;,&quot;items_layout&quot;:&quot;5664&quot;,&quot;type&quot;:&quot;carousel&quot;,&quot;columns&quot;:&quot;5&quot;,&quot;img_size&quot;:&quot;medium&quot;,&quot;overriding_link&quot;:&quot;none&quot;},&quot;carousel_settings&quot;:{&quot;items&quot;:&quot;5&quot;,&quot;nav&quot;:1,&quot;navNext&quot;:&quot;&quot;,&quot;navPrev&quot;:&quot;&quot;,&quot;dots&quot;:0,&quot;center&quot;:0,&quot;autoplay&quot;:0,&quot;smooth_play&quot;:0,&quot;timeout&quot;:1000,&quot;speed&quot;:250,&quot;transition&quot;:&quot;&quot;,&quot;autoheight&quot;:0,&quot;slideby&quot;:&quot;1&quot;},&quot;carousel_breakpoints&quot;:{&quot;1200&quot;:{&quot;items&quot;:&quot;5&quot;},&quot;900&quot;:{&quot;items&quot;:3,&quot;autoplay&quot;:0,&quot;autoplayHoverPause&quot;:0},&quot;600&quot;:{&quot;items&quot;:2,&quot;autoplay&quot;:0,&quot;autoplayHoverPause&quot;:0},&quot;0&quot;:{&quot;items&quot;:1,&quot;autoHeight&quot;:true,&quot;autoplay&quot;:0,&quot;autoplayHoverPause&quot;:0}}}'><\/div>\r\n<\/div><\/div><\/div><\/div><\/div><\/div><\/section><section class=\"l-section wpb_row height_medium color_primary\"><div class=\"l-section-h i-cf\"><div class=\"g-cols vc_row type_default valign_top\"><div class=\"vc_col-sm-12 wpb_column vc_column_container\"><div class=\"vc_column-inner\"><div class=\"wpb_wrapper\"><div class=\"w-actionbox color_primary controls_right\"><div class=\"w-actionbox-text\"><h2>\u00bfNecesitas asesor\u00eda de dise\u00f1o y marketing?<\/h2><\/div><div class=\"w-actionbox-controls\"><a class=\"w-btn us-btn-style_6 icon_atleft\" href=\"http:\/\/diegolavandero.com\/web\/contacto\" style=\"font-size:19px;\"><i class=\"fas fa-envelope\"><\/i><span class=\"w-btn-label\">Cont\u00e1ctame ahora<\/span><\/a><\/div><\/div><\/div><\/div><\/div><\/div><\/div><\/section>\n","protected":false},"excerpt":{"rendered":"","protected":false},"author":1,"featured_media":0,"parent":0,"menu_order":0,"comment_status":"closed","ping_status":"closed","template":"","meta":{"footnotes":""},"class_list":["post-12","page","type-page","status-publish","hentry"],"_links":{"self":[{"href":"http:\/\/diegolavandero.com\/web\/wp-json\/wp\/v2\/pages\/12","targetHints":{"allow":["GET"]}}],"collection":[{"href":"http:\/\/diegolavandero.com\/web\/wp-json\/wp\/v2\/pages"}],"about":[{"href":"http:\/\/diegolavandero.com\/web\/wp-json\/wp\/v2\/types\/page"}],"author":[{"embeddable":true,"href":"http:\/\/diegolavandero.com\/web\/wp-json\/wp\/v2\/users\/1"}],"replies":[{"embeddable":true,"href":"http:\/\/diegolavandero.com\/web\/wp-json\/wp\/v2\/comments?post=12"}],"version-history":[{"count":2,"href":"http:\/\/diegolavandero.com\/web\/wp-json\/wp\/v2\/pages\/12\/revisions"}],"predecessor-version":[{"id":6010,"href":"http:\/\/diegolavandero.com\/web\/wp-json\/wp\/v2\/pages\/12\/revisions\/6010"}],"wp:attachment":[{"href":"http:\/\/diegolavandero.com\/web\/wp-json\/wp\/v2\/media?parent=12"}],"curies":[{"name":"wp","href":"https:\/\/api.w.org\/{rel}","templated":true}]}}